{"id":7878,"date":"2025-07-16T06:00:41","date_gmt":"2025-07-16T06:00:41","guid":{"rendered":"https:\/\/led-ake.com\/?post_type=product&#038;p=7878"},"modified":"2025-07-16T06:06:48","modified_gmt":"2025-07-16T06:06:48","slug":"880-12v-65w-lampada-led-serie-d04","status":"publish","type":"product","link":"https:\/\/led-ake.com\/pt\/shop\/880-12v-65w-led-bulb-d04-series\/","title":{"rendered":"880 12v 65w L\u00e2mpada Led S\u00e9rie D04"},"content":{"rendered":"<p><strong><a href=\"https:\/\/led-ake.com\/pt\/\">LED AKE<\/a><\/strong><\/p>\n<p><a href=\"https:\/\/api.whatsapp.com\/send\/?phone=8615876579719&amp;text=Hey+Ake+LED+Headlight+Manufacturers%2C+Welcome+To+Contact+Me&amp;type=phone_number&amp;app_absent=0\" target=\"_blank\" rel=\"noopener\">Whatsapp :+8615876579719<\/a><\/p>\n<h2>880 12v 65w L\u00e2mpada Led S\u00e9rie D04<\/h2>","protected":false},"excerpt":{"rendered":"<h4>Especifica\u00e7\u00f5es do produto da l\u00e2mpada de farol LED<\/h4>\n<p>L\u00e2mpada LED D04 - AKE LED<\/p>\n<h3>Especifica\u00e7\u00f5es do fabricante Ake LED<\/h3>\n<div class=\"MarkdownTable_tableContainer__2k5Kh\" tabindex=\"0\" role=\"region\">\n<div class=\"MarkdownTable_tableContainer__2k5Kh\" tabindex=\"0\" role=\"region\">\n<table>\n<thead>\n<tr>\n<th style=\"text-align: left;\"><span style=\"color: #ff6600;\"><strong>Atributo<\/strong><\/span><\/th>\n<th style=\"text-align: left;\"><span style=\"color: #ff6600;\"><strong>Detalhes<\/strong><\/span><\/th>\n<\/tr>\n<\/thead>\n<tbody>\n<tr>\n<td><strong>Nome<\/strong><\/td>\n<td>D04<\/td>\n<\/tr>\n<tr>\n<td><strong>Chip LED<\/strong><\/td>\n<td>Chip 3570 de 6 n\u00facleos<\/td>\n<\/tr>\n<tr>\n<td><strong>Pot\u00eancia<\/strong><\/td>\n<td>65W<\/td>\n<\/tr>\n<tr>\n<td><strong>Tens\u00e3o<\/strong><\/td>\n<td>9-16V<\/td>\n<\/tr>\n<tr>\n<td><strong>Temperatura de funcionamento<\/strong><\/td>\n<td>-40\u00b0C ~ 85\u00b0C<\/td>\n<\/tr>\n<tr>\n<td><strong>CCT<\/strong><\/td>\n<td>6000K<\/td>\n<\/tr>\n<tr>\n<td><strong>Garantia<\/strong><\/td>\n<td>18 meses<\/td>\n<\/tr>\n<tr>\n<td><strong>Tempo de vida<\/strong><\/td>\n<td>&gt; 30000 horas<\/td>\n<\/tr>\n<\/tbody>\n<\/table>\n<\/div>\n<\/div>\n<p>&nbsp;<\/p>\n<h3><span class=\"cp-name\" data-spm-anchor-id=\"a2700.shop_index.88.i1.3c9f59faRB40W7\">Guangzhou Aoke Lighting Appliance Co., Ltd.<\/span><\/h3>","protected":false},"featured_media":7865,"template":"","meta":{"_kad_blocks_custom_css":"","_kad_blocks_head_custom_js":"","_kad_blocks_body_custom_js":"","_kad_blocks_footer_custom_js":"","_kadence_starter_templates_imported_post":false,"_kad_post_transparent":"default","_kad_post_title":"","_kad_post_layout":"default","_kad_post_sidebar_id":"","_kad_post_content_style":"default","_kad_post_vertical_padding":"default","_kad_post_feature":"","_kad_post_feature_position":"","_kad_post_header":false,"_kad_post_footer":false,"_kad_post_classname":""},"product_brand":[],"product_cat":[161],"product_tag":[162,124,125],"class_list":{"0":"post-7878","1":"product","2":"type-product","3":"status-publish","4":"has-post-thumbnail","6":"product_cat-880-led-bulb","7":"product_tag-880-led-bulb","8":"product_tag-car-led-bulbs","9":"product_tag-car-led-headlight","11":"first","12":"instock","13":"shipping-taxable","14":"product-type-simple","15":"entry","16":"content-bg","17":"loop-entry"},"taxonomy_info":{"product_cat":[{"value":161,"label":"880 LED Bulb"}],"product_tag":[{"value":162,"label":"880 LED bulb"},{"value":124,"label":"Car LED Bulbs"},{"value":125,"label":"Car LED Headlight"}]},"featured_image_src_large":["https:\/\/led-ake.com\/wp-content\/uploads\/2025\/07\/d04880-1024x1024.jpg",1024,1024,true],"author_info":[],"comment_info":"","_links":{"self":[{"href":"https:\/\/led-ake.com\/pt\/wp-json\/wp\/v2\/product\/7878","targetHints":{"allow":["GET"]}}],"collection":[{"href":"https:\/\/led-ake.com\/pt\/wp-json\/wp\/v2\/product"}],"about":[{"href":"https:\/\/led-ake.com\/pt\/wp-json\/wp\/v2\/types\/product"}],"wp:featuredmedia":[{"embeddable":true,"href":"https:\/\/led-ake.com\/pt\/wp-json\/wp\/v2\/media\/7865"}],"wp:attachment":[{"href":"https:\/\/led-ake.com\/pt\/wp-json\/wp\/v2\/media?parent=7878"}],"wp:term":[{"taxonomy":"product_brand","embeddable":true,"href":"https:\/\/led-ake.com\/pt\/wp-json\/wp\/v2\/product_brand?post=7878"},{"taxonomy":"product_cat","embeddable":true,"href":"https:\/\/led-ake.com\/pt\/wp-json\/wp\/v2\/product_cat?post=7878"},{"taxonomy":"product_tag","embeddable":true,"href":"https:\/\/led-ake.com\/pt\/wp-json\/wp\/v2\/product_tag?post=7878"}],"curies":[{"name":"wp","href":"https:\/\/api.w.org\/{rel}","templated":true}]}}