{"id":7793,"date":"2025-07-11T02:41:40","date_gmt":"2025-07-11T02:41:40","guid":{"rendered":"https:\/\/led-ake.com\/?post_type=product&#038;p=7793"},"modified":"2025-07-11T02:46:19","modified_gmt":"2025-07-11T02:46:19","slug":"65w-6500ml-yz07-series-12v-h4-led-bulb","status":"publish","type":"product","link":"https:\/\/led-ake.com\/pt\/shop\/65w-6500ml-yz07-series-12v-h4-led-bulb\/","title":{"rendered":"65W 6500ML YZ07 S\u00e9rie 12v H4 L\u00e2mpada Led"},"content":{"rendered":"<p><strong><a href=\"https:\/\/led-ake.com\/pt\/\">LED AKE<\/a><\/strong><\/p>\n<p><a href=\"https:\/\/api.whatsapp.com\/send\/?phone=8615876579719&amp;text=Hey+Ake+LED+Headlight+Manufacturers%2C+Welcome+To+Contact+Me&amp;type=phone_number&amp;app_absent=0\" target=\"_blank\" rel=\"noopener\">Whatsapp :+8615876579719<\/a><\/p>\n<h2>65W 6500ML YZ07 S\u00e9rie 12v H4 L\u00e2mpada Led<\/h2>","protected":false},"excerpt":{"rendered":"<h4>Especifica\u00e7\u00f5es do produto da l\u00e2mpada de farol LED<\/h4>\n<h3>Especifica\u00e7\u00f5es do fabricante Ake LED<\/h3>\n<p><!--more--><\/p>\n<div class=\"MarkdownTable_tableContainer__2k5Kh\" tabindex=\"0\" role=\"region\">\n<p>Aqui est\u00e1 um resumo das especifica\u00e7\u00f5es LED para o modelo YZ-07:<\/p>\n<table>\n<thead>\n<tr>\n<th style=\"text-align: left;\"><span style=\"color: #ff6600;\"><strong>Atributo<\/strong><\/span><\/th>\n<th style=\"text-align: left;\"><span style=\"color: #ff6600;\"><strong>Detalhes<\/strong><\/span><\/th>\n<\/tr>\n<\/thead>\n<tbody>\n<tr>\n<td><strong>Nome<\/strong><\/td>\n<td>YZ-07<\/td>\n<\/tr>\n<tr>\n<td><strong>Chip LED<\/strong><\/td>\n<td>CHIP DE 6 N\u00daCLEOS<\/td>\n<\/tr>\n<tr>\n<td><strong>Pot\u00eancia<\/strong><\/td>\n<td>65W<\/td>\n<\/tr>\n<tr>\n<td><strong>Tens\u00e3o<\/strong><\/td>\n<td>12V<\/td>\n<\/tr>\n<tr>\n<td><strong>Temperatura de funcionamento<\/strong><\/td>\n<td>-40\u00b0C ~ 85\u00b0C<\/td>\n<\/tr>\n<tr>\n<td><strong>CCT<\/strong><\/td>\n<td>6000K<\/td>\n<\/tr>\n<tr>\n<td><strong>Garantia<\/strong><\/td>\n<td>24 meses<\/td>\n<\/tr>\n<tr>\n<td><strong>Tempo de vida<\/strong><\/td>\n<td>&gt; 30000 horas<\/td>\n<\/tr>\n<\/tbody>\n<\/table>\n<p>&nbsp;<\/p>\n<\/div>\n<h3><span class=\"cp-name\" data-spm-anchor-id=\"a2700.shop_index.88.i1.3c9f59faRB40W7\">Guangzhou Aoke Lighting Appliance Co., Ltd.<\/span><\/h3>","protected":false},"featured_media":7772,"template":"","meta":{"_kad_blocks_custom_css":"","_kad_blocks_head_custom_js":"","_kad_blocks_body_custom_js":"","_kad_blocks_footer_custom_js":"","_kadence_starter_templates_imported_post":false,"_kad_post_transparent":"default","_kad_post_title":"","_kad_post_layout":"default","_kad_post_sidebar_id":"","_kad_post_content_style":"default","_kad_post_vertical_padding":"default","_kad_post_feature":"","_kad_post_feature_position":"","_kad_post_header":false,"_kad_post_footer":false,"_kad_post_classname":""},"product_brand":[],"product_cat":[153,140,123],"product_tag":[124,125,127],"class_list":{"0":"post-7793","1":"product","2":"type-product","3":"status-publish","4":"has-post-thumbnail","6":"product_cat-h4-led-bulb","7":"product_cat-high-wattage-led-headlights","8":"product_cat-led-headlights","9":"product_tag-car-led-bulbs","10":"product_tag-car-led-headlight","11":"product_tag-h4-led-bulb","13":"first","14":"instock","15":"shipping-taxable","16":"product-type-simple","17":"entry","18":"content-bg","19":"loop-entry"},"taxonomy_info":{"product_cat":[{"value":153,"label":"H4 LED Bulb"},{"value":140,"label":"High wattage Led Headlights"},{"value":123,"label":"Led Headlights"}],"product_tag":[{"value":124,"label":"Car LED Bulbs"},{"value":125,"label":"Car LED Headlight"},{"value":127,"label":"H4 LED bulb"}]},"featured_image_src_large":["https:\/\/led-ake.com\/wp-content\/uploads\/2025\/07\/YZ07H4-1024x1024.jpg",1024,1024,true],"author_info":[],"comment_info":"","_links":{"self":[{"href":"https:\/\/led-ake.com\/pt\/wp-json\/wp\/v2\/product\/7793","targetHints":{"allow":["GET"]}}],"collection":[{"href":"https:\/\/led-ake.com\/pt\/wp-json\/wp\/v2\/product"}],"about":[{"href":"https:\/\/led-ake.com\/pt\/wp-json\/wp\/v2\/types\/product"}],"wp:featuredmedia":[{"embeddable":true,"href":"https:\/\/led-ake.com\/pt\/wp-json\/wp\/v2\/media\/7772"}],"wp:attachment":[{"href":"https:\/\/led-ake.com\/pt\/wp-json\/wp\/v2\/media?parent=7793"}],"wp:term":[{"taxonomy":"product_brand","embeddable":true,"href":"https:\/\/led-ake.com\/pt\/wp-json\/wp\/v2\/product_brand?post=7793"},{"taxonomy":"product_cat","embeddable":true,"href":"https:\/\/led-ake.com\/pt\/wp-json\/wp\/v2\/product_cat?post=7793"},{"taxonomy":"product_tag","embeddable":true,"href":"https:\/\/led-ake.com\/pt\/wp-json\/wp\/v2\/product_tag?post=7793"}],"curies":[{"name":"wp","href":"https:\/\/api.w.org\/{rel}","templated":true}]}}