{"id":6426,"date":"2025-05-21T03:00:48","date_gmt":"2025-05-21T03:00:48","guid":{"rendered":"https:\/\/led-ake.com\/?post_type=product&#038;p=6426"},"modified":"2025-06-10T08:56:03","modified_gmt":"2025-06-10T08:56:03","slug":"feixe-baixo-personalizado-50w-feixe-altolaser-95w-lente-de-projecao-led","status":"publish","type":"product","link":"https:\/\/led-ake.com\/pt\/shop\/customized-low-beam-50w-hight-beamlaser-95w-led-projection-lens\/","title":{"rendered":"Lente de proje\u00e7\u00e3o LED de 95W com feixe de luz baixo 50W personalizado"},"content":{"rendered":"","protected":false},"excerpt":{"rendered":"<p>A lente de proje\u00e7\u00e3o laser AKE HP303 LED \u00e9 uma solu\u00e7\u00e3o de ilumina\u00e7\u00e3o de alto desempenho concebida para melhorar a visibilidade e a seguran\u00e7a do ve\u00edculo. Eis as suas carater\u00edsticas pormenorizadas:<\/p>\n<p><strong>Especifica\u00e7\u00f5es do produto:<\/strong><\/p>\n<ul>\n<li><strong>Nome:<\/strong> Lente de proje\u00e7\u00e3o laser HP303 LED<\/li>\n<li><strong>Tens\u00e3o:<\/strong> 9-16V<\/li>\n<li><strong>Chip LED:<\/strong> Configura\u00e7\u00e3o 9 + 3 + 2 para uma forte emiss\u00e3o de luz.<\/li>\n<li><strong>Pot\u00eancia do farol baixo:<\/strong> 50W, proporcionando efeitos de ilumina\u00e7\u00e3o nocturna e de nevoeiro n\u00edtidos.<\/li>\n<li><strong>Pot\u00eancia do farol alto:<\/strong> 95W + Laser, que melhora os efeitos de ilumina\u00e7\u00e3o a longa dist\u00e2ncia.<\/li>\n<li><strong>Temperatura de cor:<\/strong> 6000K ~ 6500K, emitindo uma luz branca fria e brilhante para uma melhor visibilidade nocturna.<\/li>\n<li><strong>Temperatura de funcionamento:<\/strong> -40\u00b0C ~ 105\u00b0C, adequado para condi\u00e7\u00f5es climat\u00e9ricas extremas.<\/li>\n<li><strong>Tempo de vida:<\/strong> Mais de 50.000 horas, reduzindo significativamente a frequ\u00eancia de substitui\u00e7\u00e3o.<\/li>\n<li><strong>Garantia:<\/strong> 2 anos, garantindo uma experi\u00eancia tranquilizadora para o utilizador.<\/li>\n<\/ul>\n<p><strong>Vantagens do produto:<\/strong><\/p>\n<ol>\n<li><strong>Sa\u00edda de brilho elevado<\/strong><br \/>\nO HP303 fornece um feixe potente, garantindo uma visibilidade \u00f3ptima em v\u00e1rias condi\u00e7\u00f5es de condu\u00e7\u00e3o.<\/li>\n<li><strong>Ilumina\u00e7\u00e3o assistida por laser<\/strong><br \/>\nA tecnologia laser integrada proporciona uma ilumina\u00e7\u00e3o adicional a longa dist\u00e2ncia, aumentando a seguran\u00e7a da condu\u00e7\u00e3o.<\/li>\n<li><strong>Forte durabilidade<\/strong><br \/>\nFabricado com materiais de alta qualidade para resistir a temperaturas e vibra\u00e7\u00f5es extremas, garantindo uma utiliza\u00e7\u00e3o est\u00e1vel a longo prazo.<\/li>\n<li><strong>In\u00edcio r\u00e1pido<\/strong><br \/>\nO funcionamento instant\u00e2neo elimina o tempo de espera, aumentando a comodidade da condu\u00e7\u00e3o.<\/li>\n<li><strong>Controlo de qualidade dos feixes<\/strong><br \/>\nA conce\u00e7\u00e3o precisa do feixe reduz o encandeamento, melhorando a visibilidade na estrada.<\/li>\n<li><strong>Instala\u00e7\u00e3o f\u00e1cil<\/strong><br \/>\nO design de f\u00e1cil utiliza\u00e7\u00e3o, compat\u00edvel com v\u00e1rios modelos de ve\u00edculos, permite uma r\u00e1pida instala\u00e7\u00e3o ou atualiza\u00e7\u00e3o dos sistemas de ilumina\u00e7\u00e3o existentes.<\/li>\n<\/ol>\n<p><strong>Resumo:<\/strong><\/p>\n<p>A lente de proje\u00e7\u00e3o laser AKE HP303 LED oferece um desempenho, durabilidade e efici\u00eancia excepcionais, tornando-a a escolha ideal para aumentar a seguran\u00e7a da condu\u00e7\u00e3o em v\u00e1rios ambientes. A HP303 proporciona uma experi\u00eancia de ilumina\u00e7\u00e3o segura e fi\u00e1vel, garantindo uma condu\u00e7\u00e3o sem preocupa\u00e7\u00f5es em todas as condi\u00e7\u00f5es.<\/p>","protected":false},"featured_media":6435,"template":"","meta":{"_kad_blocks_custom_css":"","_kad_blocks_head_custom_js":"","_kad_blocks_body_custom_js":"","_kad_blocks_footer_custom_js":"","_kadence_starter_templates_imported_post":false,"_kad_post_transparent":"default","_kad_post_title":"","_kad_post_layout":"default","_kad_post_sidebar_id":"","_kad_post_content_style":"default","_kad_post_vertical_padding":"default","_kad_post_feature":"","_kad_post_feature_position":"","_kad_post_header":false,"_kad_post_footer":false,"_kad_post_classname":""},"product_brand":[],"product_cat":[126,141],"product_tag":[124,125,127],"class_list":{"0":"post-6426","1":"product","2":"type-product","3":"status-publish","4":"has-post-thumbnail","6":"product_cat-bi-lens","7":"product_cat-led-laser-projection-lens","8":"product_tag-car-led-bulbs","9":"product_tag-car-led-headlight","10":"product_tag-h4-led-bulb","12":"first","13":"instock","14":"shipping-taxable","15":"product-type-simple","16":"entry","17":"content-bg","18":"loop-entry"},"taxonomy_info":{"product_cat":[{"value":126,"label":"Bi Lens"},{"value":141,"label":"LED laser projection lens"}],"product_tag":[{"value":124,"label":"Car LED Bulbs"},{"value":125,"label":"Car LED Headlight"},{"value":127,"label":"H4 LED bulb"}]},"featured_image_src_large":["https:\/\/led-ake.com\/wp-content\/uploads\/2025\/05\/\u4e09\u955c\u5934HP303\u9996\u56fe-4-1024x1024.jpg",1024,1024,true],"author_info":[],"comment_info":"","_links":{"self":[{"href":"https:\/\/led-ake.com\/pt\/wp-json\/wp\/v2\/product\/6426","targetHints":{"allow":["GET"]}}],"collection":[{"href":"https:\/\/led-ake.com\/pt\/wp-json\/wp\/v2\/product"}],"about":[{"href":"https:\/\/led-ake.com\/pt\/wp-json\/wp\/v2\/types\/product"}],"wp:featuredmedia":[{"embeddable":true,"href":"https:\/\/led-ake.com\/pt\/wp-json\/wp\/v2\/media\/6435"}],"wp:attachment":[{"href":"https:\/\/led-ake.com\/pt\/wp-json\/wp\/v2\/media?parent=6426"}],"wp:term":[{"taxonomy":"product_brand","embeddable":true,"href":"https:\/\/led-ake.com\/pt\/wp-json\/wp\/v2\/product_brand?post=6426"},{"taxonomy":"product_cat","embeddable":true,"href":"https:\/\/led-ake.com\/pt\/wp-json\/wp\/v2\/product_cat?post=6426"},{"taxonomy":"product_tag","embeddable":true,"href":"https:\/\/led-ake.com\/pt\/wp-json\/wp\/v2\/product_tag?post=6426"}],"curies":[{"name":"wp","href":"https:\/\/api.w.org\/{rel}","templated":true}]}}