{"id":10639,"date":"2026-03-06T09:10:00","date_gmt":"2026-03-06T09:10:00","guid":{"rendered":"https:\/\/led-ake.com\/?post_type=product&#038;p=10639"},"modified":"2026-03-06T09:26:43","modified_gmt":"2026-03-06T09:26:43","slug":"serie-d-d3s-lampada-led-para-automovel","status":"publish","type":"product","link":"https:\/\/led-ake.com\/pt\/shop\/d-series-d3s-led-bulb-car-light\/","title":{"rendered":"Novo Design AKE D Series D3S L\u00e2mpada Led para Carro D1S D2S D4S D8S 110W 12V Ilumina\u00e7\u00e3o Autom\u00f3vel"},"content":{"rendered":"<h3><strong><a href=\"https:\/\/led-ake.com\/pt\/\">AKELED<\/a><\/strong><\/h3>\n<p><a href=\"https:\/\/api.whatsapp.com\/send\/?phone=8615876579719&amp;text=Hey+Ake+LED+Headlight+Manufacturers%2C+Welcome+To+Contact+Me&amp;type=phone_number&amp;app_absent=0\" target=\"_blank\" rel=\"noopener\">WhatsApp:+8615876579719<\/a><\/p>\n<h2 dir=\"auto\"><strong>AKE D Series D3S Led Bulb 110w 12V 11000LM<\/strong><\/h2>","protected":false},"excerpt":{"rendered":"<h3 dir=\"auto\"><strong>Farol LED 110W D2S Auto<\/strong><span style=\"font-family: 'Nunito Sans', sans-serif; font-size: 24px; font-weight: bold;\">\u00a0Especifica\u00e7\u00f5es do produto<\/span><\/h3>\n<p>Design 2026 totalmente novo, est\u00e9tica e desempenho melhorados: Nova apar\u00eancia + estrutura optimizada do farol, mais elegante e mais robusta, concebida especificamente para propriet\u00e1rios de autom\u00f3veis modificados topo de gama.<\/p>\n<p>Um potente 110W, o rei da noite: kit de 110W (equivalente a 55W+ por l\u00e2mpada), a luminosidade atinge 11.000-20.000LM, 200-300% superior ao HID original, com uma dist\u00e2ncia de proje\u00e7\u00e3o do feixe alto mais longa e condi\u00e7\u00f5es de estrada mais claras.<\/p>\n<table style=\"font-family: var(--global-body-font-family);\">\n<thead>\n<tr>\n<th style=\"text-align: left;\"><span style=\"font-weight: 400;\">Par\u00e2metro<\/span><\/th>\n<th style=\"text-align: left;\"><span style=\"font-weight: 400;\">Detalhes<\/span><\/th>\n<\/tr>\n<\/thead>\n<tbody>\n<tr>\n<td>Nome<\/td>\n<td>L\u00e2mpada LED D3S | 6000K Branco Frio | Plug &amp; Play<\/td>\n<\/tr>\n<tr>\n<td>Contas de l\u00e2mpada<\/td>\n<td>4010 15-Core<\/td>\n<\/tr>\n<tr>\n<td>Pot\u00eancia nominal<\/td>\n<td>110W\/par<\/td>\n<\/tr>\n<tr>\n<td>Tens\u00e3o<\/td>\n<td>DC 9-16V<\/td>\n<\/tr>\n<tr>\n<td>Temperatura de funcionamento<\/td>\n<td>-40\u00b0C a 105\u00b0C<\/td>\n<\/tr>\n<tr>\n<td>Temperatura de cor<\/td>\n<td>6000K<\/td>\n<\/tr>\n<tr>\n<td>Tempo de vida<\/td>\n<td>&gt; 30000 horas<\/td>\n<\/tr>\n<\/tbody>\n<\/table>","protected":false},"featured_media":10640,"template":"","meta":{"_kad_blocks_custom_css":"","_kad_blocks_head_custom_js":"","_kad_blocks_body_custom_js":"","_kad_blocks_footer_custom_js":"","_kadence_starter_templates_imported_post":false,"_kad_post_transparent":"default","_kad_post_title":"","_kad_post_layout":"default","_kad_post_sidebar_id":"","_kad_post_content_style":"default","_kad_post_vertical_padding":"default","_kad_post_feature":"","_kad_post_feature_position":"","_kad_post_header":false,"_kad_post_footer":false,"_kad_post_classname":""},"product_brand":[],"product_cat":[123,163],"product_tag":[],"class_list":{"0":"post-10639","1":"product","2":"type-product","3":"status-publish","4":"has-post-thumbnail","6":"product_cat-led-headlights","7":"product_cat-d-series-headlight-bulbs","9":"first","10":"instock","11":"shipping-taxable","12":"product-type-simple","13":"entry","14":"content-bg","15":"loop-entry"},"taxonomy_info":{"product_cat":[{"value":123,"label":"Led Headlights"},{"value":163,"label":"D Series Headlight Bulbs"}]},"featured_image_src_large":["https:\/\/led-ake.com\/wp-content\/uploads\/2026\/03\/D-Series-BLADE-TYPE-D3S-Led-Bulb.webp",1000,1000,false],"author_info":[],"comment_info":"","_links":{"self":[{"href":"https:\/\/led-ake.com\/pt\/wp-json\/wp\/v2\/product\/10639","targetHints":{"allow":["GET"]}}],"collection":[{"href":"https:\/\/led-ake.com\/pt\/wp-json\/wp\/v2\/product"}],"about":[{"href":"https:\/\/led-ake.com\/pt\/wp-json\/wp\/v2\/types\/product"}],"wp:featuredmedia":[{"embeddable":true,"href":"https:\/\/led-ake.com\/pt\/wp-json\/wp\/v2\/media\/10640"}],"wp:attachment":[{"href":"https:\/\/led-ake.com\/pt\/wp-json\/wp\/v2\/media?parent=10639"}],"wp:term":[{"taxonomy":"product_brand","embeddable":true,"href":"https:\/\/led-ake.com\/pt\/wp-json\/wp\/v2\/product_brand?post=10639"},{"taxonomy":"product_cat","embeddable":true,"href":"https:\/\/led-ake.com\/pt\/wp-json\/wp\/v2\/product_cat?post=10639"},{"taxonomy":"product_tag","embeddable":true,"href":"https:\/\/led-ake.com\/pt\/wp-json\/wp\/v2\/product_tag?post=10639"}],"curies":[{"name":"wp","href":"https:\/\/api.w.org\/{rel}","templated":true}]}}