{"id":10627,"date":"2026-03-05T07:38:44","date_gmt":"2026-03-05T07:38:44","guid":{"rendered":"https:\/\/led-ake.com\/?post_type=product&#038;p=10627"},"modified":"2026-03-06T08:59:16","modified_gmt":"2026-03-06T08:59:16","slug":"55w-led-d1s-farol-led-para-carro","status":"publish","type":"product","link":"https:\/\/led-ake.com\/pt\/shop\/55w-led-d1s-car-led-headlight\/","title":{"rendered":"AKE D Series Car Accessories Acess\u00f3rios para autom\u00f3veis Acess\u00f3rios para autom\u00f3veis 55w Led D1S Car Led Headlight"},"content":{"rendered":"<h3><strong><a href=\"https:\/\/led-ake.com\/pt\/\">AKELED<\/a><\/strong><\/h3>\n<p><a href=\"https:\/\/api.whatsapp.com\/send\/?phone=8615876579719&amp;text=Hey+Ake+LED+Headlight+Manufacturers%2C+Welcome+To+Contact+Me&amp;type=phone_number&amp;app_absent=0\" target=\"_blank\" rel=\"noopener\">WhatsApp:+8615876579719<\/a><\/p>\n<h2 dir=\"auto\"><strong>AKE D Series 55W D1S Farol LED para Carro 6000K Canbus King 2026<\/strong><\/h2>","protected":false},"excerpt":{"rendered":"<h3 dir=\"auto\"><strong>Far\u00f3is LED D1S de 55W<\/strong><span style=\"font-family: 'Nunito Sans', sans-serif; font-size: 24px; font-weight: bold;\"> Especifica\u00e7\u00f5es do produto<\/span><\/h3>\n<p>Brilho ultra-elevado, ilumina\u00e7\u00e3o nocturna semelhante \u00e0 luz do dia: L\u00e2mpada \u00fanica de 55W; l\u00e2mpadas duplas at\u00e9 10000-12000LM; brilho mais de 200% superior ao das l\u00e2mpadas de x\u00e9non HID originais de f\u00e1brica; ilumina mais longe e com maior nitidez.<\/p>\n<p>Plug and play, sem necessidade de cablagem nova ou remo\u00e7\u00e3o do balastro: A s\u00e9rie AKE D foi concebida especificamente para ve\u00edculos HID originais de f\u00e1brica, ligando-se diretamente ao balastro de x\u00e9non original, uma atualiza\u00e7\u00e3o n\u00e3o destrutiva em 3 minutos.<\/p>\n<table style=\"font-family: var(--global-body-font-family);\">\n<thead>\n<tr>\n<th style=\"text-align: left;\"><strong>Par\u00e2metro<\/strong><\/th>\n<th style=\"text-align: left;\"><strong>Detalhes<\/strong><\/th>\n<\/tr>\n<\/thead>\n<tbody>\n<tr>\n<td>Nome<\/td>\n<td>Farol LED para Carro 55W D1S | 6000K Branco Frio | Plug &amp; Play<\/td>\n<\/tr>\n<tr>\n<td>Contas de l\u00e2mpada<\/td>\n<td>4010 15-Core<\/td>\n<\/tr>\n<tr>\n<td>Pot\u00eancia nominal<\/td>\n<td>55W<\/td>\n<\/tr>\n<tr>\n<td>Tens\u00e3o<\/td>\n<td>DC 9-16V<\/td>\n<\/tr>\n<tr>\n<td>Temperatura de funcionamento<\/td>\n<td>-40\u00b0C a 105\u00b0C<\/td>\n<\/tr>\n<tr>\n<td>Temperatura de cor<\/td>\n<td>6000K<\/td>\n<\/tr>\n<tr>\n<td>Tempo de vida<\/td>\n<td>&gt; 30000 horas<\/td>\n<\/tr>\n<\/tbody>\n<\/table>","protected":false},"featured_media":10636,"template":"","meta":{"_kad_blocks_custom_css":"","_kad_blocks_head_custom_js":"","_kad_blocks_body_custom_js":"","_kad_blocks_footer_custom_js":"","_kadence_starter_templates_imported_post":false,"_kad_post_transparent":"default","_kad_post_title":"","_kad_post_layout":"default","_kad_post_sidebar_id":"","_kad_post_content_style":"default","_kad_post_vertical_padding":"default","_kad_post_feature":"","_kad_post_feature_position":"","_kad_post_header":false,"_kad_post_footer":false,"_kad_post_classname":""},"product_brand":[],"product_cat":[123,163],"product_tag":[],"class_list":{"0":"post-10627","1":"product","2":"type-product","3":"status-publish","4":"has-post-thumbnail","6":"product_cat-led-headlights","7":"product_cat-d-series-headlight-bulbs","9":"first","10":"instock","11":"shipping-taxable","12":"product-type-simple","13":"entry","14":"content-bg","15":"loop-entry"},"taxonomy_info":{"product_cat":[{"value":123,"label":"Led Headlights"},{"value":163,"label":"D Series Headlight Bulbs"}]},"featured_image_src_large":["https:\/\/led-ake.com\/wp-content\/uploads\/2026\/03\/D-Series-BLADE-TYPE-D1S-Car-Led-Headlight.webp",1000,1000,false],"author_info":[],"comment_info":"","_links":{"self":[{"href":"https:\/\/led-ake.com\/pt\/wp-json\/wp\/v2\/product\/10627","targetHints":{"allow":["GET"]}}],"collection":[{"href":"https:\/\/led-ake.com\/pt\/wp-json\/wp\/v2\/product"}],"about":[{"href":"https:\/\/led-ake.com\/pt\/wp-json\/wp\/v2\/types\/product"}],"wp:featuredmedia":[{"embeddable":true,"href":"https:\/\/led-ake.com\/pt\/wp-json\/wp\/v2\/media\/10636"}],"wp:attachment":[{"href":"https:\/\/led-ake.com\/pt\/wp-json\/wp\/v2\/media?parent=10627"}],"wp:term":[{"taxonomy":"product_brand","embeddable":true,"href":"https:\/\/led-ake.com\/pt\/wp-json\/wp\/v2\/product_brand?post=10627"},{"taxonomy":"product_cat","embeddable":true,"href":"https:\/\/led-ake.com\/pt\/wp-json\/wp\/v2\/product_cat?post=10627"},{"taxonomy":"product_tag","embeddable":true,"href":"https:\/\/led-ake.com\/pt\/wp-json\/wp\/v2\/product_tag?post=10627"}],"curies":[{"name":"wp","href":"https:\/\/api.w.org\/{rel}","templated":true}]}}