{"id":10639,"date":"2026-03-06T09:10:00","date_gmt":"2026-03-06T09:10:00","guid":{"rendered":"https:\/\/led-ake.com\/?post_type=product&#038;p=10639"},"modified":"2026-03-06T09:26:43","modified_gmt":"2026-03-06T09:26:43","slug":"d-series-d3s-bombilla-led-luz-coche","status":"publish","type":"product","link":"https:\/\/led-ake.com\/es\/shop\/d-series-d3s-led-bulb-car-light\/","title":{"rendered":"Nuevo Dise\u00f1o AKE Serie D D3S Bombilla Led Coche D1S D2S D4S D8S 110W 12V Auto Iluminaci\u00f3n"},"content":{"rendered":"<h3><strong><a href=\"https:\/\/led-ake.com\/es\/\">AKELED<\/a><\/strong><\/h3>\n<p><a href=\"https:\/\/api.whatsapp.com\/send\/?phone=8615876579719&amp;text=Hey+Ake+LED+Headlight+Manufacturers%2C+Welcome+To+Contact+Me&amp;type=phone_number&amp;app_absent=0\" target=\"_blank\" rel=\"noopener\">WhatsApp:+8615876579719<\/a><\/p>\n<h2 dir=\"auto\"><strong>Bombilla Led AKE Serie D D3S 110w 12V 11000LM<\/strong><\/h2>","protected":false},"excerpt":{"rendered":"<h3 dir=\"auto\"><strong>110W D2S Auto LED Faros<\/strong><span style=\"font-family: 'Nunito Sans', sans-serif; font-size: 24px; font-weight: bold;\">\u00a0Especificaciones del producto<\/span><\/h3>\n<p>Nuevo dise\u00f1o 2026, est\u00e9tica y rendimiento mejorados: Nueva apariencia + estructura del faro optimizada, m\u00e1s elegante y m\u00e1s robusto, dise\u00f1ado espec\u00edficamente para los propietarios de coches modificados de gama alta.<\/p>\n<p>Un potente 110W, el rey de la noche: kit de 110W (55W+ equivalente por bombilla), la luminosidad alcanza 11.000-20.000LM, 200-300% superior al HID original, con mayor distancia de proyecci\u00f3n de las luces largas y mayor claridad en carretera.<\/p>\n<table style=\"font-family: var(--global-body-font-family);\">\n<thead>\n<tr>\n<th style=\"text-align: left;\"><span style=\"font-weight: 400;\">Par\u00e1metro<\/span><\/th>\n<th style=\"text-align: left;\"><span style=\"font-weight: 400;\">Detalles<\/span><\/th>\n<\/tr>\n<\/thead>\n<tbody>\n<tr>\n<td>Nombre<\/td>\n<td>Bombilla Led D3S | 6000K Blanco Fr\u00edo | Plug &amp; Play<\/td>\n<\/tr>\n<tr>\n<td>Cuentas de l\u00e1mpara<\/td>\n<td>4010 15 n\u00facleos<\/td>\n<\/tr>\n<tr>\n<td>Potencia nominal<\/td>\n<td>110W\/Par<\/td>\n<\/tr>\n<tr>\n<td>Tensi\u00f3n<\/td>\n<td>CC 9-16 V<\/td>\n<\/tr>\n<tr>\n<td>Temperatura de trabajo<\/td>\n<td>-40\u00b0C a 105\u00b0C<\/td>\n<\/tr>\n<tr>\n<td>Temperatura de color<\/td>\n<td>6000K<\/td>\n<\/tr>\n<tr>\n<td>Vida \u00fatil<\/td>\n<td>&gt; 30000 horas<\/td>\n<\/tr>\n<\/tbody>\n<\/table>","protected":false},"featured_media":10640,"template":"","meta":{"_kad_blocks_custom_css":"","_kad_blocks_head_custom_js":"","_kad_blocks_body_custom_js":"","_kad_blocks_footer_custom_js":"","_kadence_starter_templates_imported_post":false,"_kad_post_transparent":"default","_kad_post_title":"","_kad_post_layout":"default","_kad_post_sidebar_id":"","_kad_post_content_style":"default","_kad_post_vertical_padding":"default","_kad_post_feature":"","_kad_post_feature_position":"","_kad_post_header":false,"_kad_post_footer":false,"_kad_post_classname":""},"product_brand":[],"product_cat":[123,163],"product_tag":[],"class_list":{"0":"post-10639","1":"product","2":"type-product","3":"status-publish","4":"has-post-thumbnail","6":"product_cat-led-headlights","7":"product_cat-d-series-headlight-bulbs","9":"first","10":"instock","11":"shipping-taxable","12":"product-type-simple","13":"entry","14":"content-bg","15":"loop-entry"},"taxonomy_info":{"product_cat":[{"value":123,"label":"Led Headlights"},{"value":163,"label":"D Series Headlight Bulbs"}]},"featured_image_src_large":["https:\/\/led-ake.com\/wp-content\/uploads\/2026\/03\/D-Series-BLADE-TYPE-D3S-Led-Bulb.webp",1000,1000,false],"author_info":[],"comment_info":"","_links":{"self":[{"href":"https:\/\/led-ake.com\/es\/wp-json\/wp\/v2\/product\/10639","targetHints":{"allow":["GET"]}}],"collection":[{"href":"https:\/\/led-ake.com\/es\/wp-json\/wp\/v2\/product"}],"about":[{"href":"https:\/\/led-ake.com\/es\/wp-json\/wp\/v2\/types\/product"}],"wp:featuredmedia":[{"embeddable":true,"href":"https:\/\/led-ake.com\/es\/wp-json\/wp\/v2\/media\/10640"}],"wp:attachment":[{"href":"https:\/\/led-ake.com\/es\/wp-json\/wp\/v2\/media?parent=10639"}],"wp:term":[{"taxonomy":"product_brand","embeddable":true,"href":"https:\/\/led-ake.com\/es\/wp-json\/wp\/v2\/product_brand?post=10639"},{"taxonomy":"product_cat","embeddable":true,"href":"https:\/\/led-ake.com\/es\/wp-json\/wp\/v2\/product_cat?post=10639"},{"taxonomy":"product_tag","embeddable":true,"href":"https:\/\/led-ake.com\/es\/wp-json\/wp\/v2\/product_tag?post=10639"}],"curies":[{"name":"wp","href":"https:\/\/api.w.org\/{rel}","templated":true}]}}