{"id":10637,"date":"2026-03-06T09:00:45","date_gmt":"2026-03-06T09:00:45","guid":{"rendered":"https:\/\/led-ake.com\/?post_type=product&#038;p=10637"},"modified":"2026-03-06T09:08:46","modified_gmt":"2026-03-06T09:08:46","slug":"110w-d2s-auto-led-faro","status":"publish","type":"product","link":"https:\/\/led-ake.com\/es\/shop\/110w-d2s-auto-led-headlight\/","title":{"rendered":"AKE D Series Universal D2s Auto Led Faros 110w 6000k 11000LM"},"content":{"rendered":"<h3><strong><a href=\"https:\/\/led-ake.com\/es\/\">AKELED<\/a><\/strong><\/h3>\n<p><a href=\"https:\/\/api.whatsapp.com\/send\/?phone=8615876579719&amp;text=Hey+Ake+LED+Headlight+Manufacturers%2C+Welcome+To+Contact+Me&amp;type=phone_number&amp;app_absent=0\" target=\"_blank\" rel=\"noopener\">WhatsApp:+8615876579719<\/a><\/p>\n<h2 dir=\"auto\"><strong>AKE D Series Universal D2S Auto Led Faros 110w 6000k 11000LM<\/strong><\/h2>","protected":false},"excerpt":{"rendered":"<h3 dir=\"auto\"><strong>55W D2S Auto LED Faros<\/strong><span style=\"font-family: 'Nunito Sans', sans-serif; font-size: 24px; font-weight: bold;\">\u00a0Especificaciones del producto<\/span><\/h3>\n<p>Faros LED AKE Serie D D2S: 110W 11000LM 6000K Luz Blanca Fr\u00eda. Plug-and-play, reemplazo no destructivo para las bombillas de xen\u00f3n HID originales.<\/p>\n<p>Protecci\u00f3n inteligente contra c\u00f3digos de error y parpadeos CANbus, impermeabilidad IP68, aluminio de calidad aeron\u00e1utica con refrigeraci\u00f3n por ventilador de turbina y una vida \u00fatil superior a 50.000 horas. Perfectamente compatible con BMW, Mercedes, Audi y Lexus faros de proyecci\u00f3n, la mejora de la seguridad de conducci\u00f3n nocturna y la est\u00e9tica.<\/p>\n<table style=\"font-family: var(--global-body-font-family);\">\n<thead>\n<tr>\n<th style=\"text-align: left;\"><strong>Par\u00e1metro<\/strong><\/th>\n<th style=\"text-align: left;\"><strong>Detalles<\/strong><\/th>\n<\/tr>\n<\/thead>\n<tbody>\n<tr>\n<td>Nombre<\/td>\n<td>D2s Auto Led Headlight | 6000K Cool White | Plug &amp; Play<\/td>\n<\/tr>\n<tr>\n<td>Cuentas de l\u00e1mpara<\/td>\n<td>4010 15 n\u00facleos<\/td>\n<\/tr>\n<tr>\n<td>Potencia nominal<\/td>\n<td>110W\/Par<\/td>\n<\/tr>\n<tr>\n<td>Tensi\u00f3n<\/td>\n<td>CC 9-16 V<\/td>\n<\/tr>\n<tr>\n<td>Temperatura de trabajo<\/td>\n<td>-40\u00b0C a 105\u00b0C<\/td>\n<\/tr>\n<tr>\n<td>Temperatura de color<\/td>\n<td>6000K<\/td>\n<\/tr>\n<tr>\n<td>Vida \u00fatil<\/td>\n<td>&gt; 30000 horas<\/td>\n<\/tr>\n<\/tbody>\n<\/table>","protected":false},"featured_media":10638,"template":"","meta":{"_kad_blocks_custom_css":"","_kad_blocks_head_custom_js":"","_kad_blocks_body_custom_js":"","_kad_blocks_footer_custom_js":"","_kadence_starter_templates_imported_post":false,"_kad_post_transparent":"default","_kad_post_title":"","_kad_post_layout":"default","_kad_post_sidebar_id":"","_kad_post_content_style":"default","_kad_post_vertical_padding":"default","_kad_post_feature":"","_kad_post_feature_position":"","_kad_post_header":false,"_kad_post_footer":false,"_kad_post_classname":""},"product_brand":[],"product_cat":[123,163],"product_tag":[],"class_list":{"0":"post-10637","1":"product","2":"type-product","3":"status-publish","4":"has-post-thumbnail","6":"product_cat-led-headlights","7":"product_cat-d-series-headlight-bulbs","9":"first","10":"instock","11":"shipping-taxable","12":"product-type-simple","13":"entry","14":"content-bg","15":"loop-entry"},"taxonomy_info":{"product_cat":[{"value":123,"label":"Led Headlights"},{"value":163,"label":"D Series Headlight Bulbs"}]},"featured_image_src_large":["https:\/\/led-ake.com\/wp-content\/uploads\/2026\/03\/D-Series-110w-D2s-Auto-Led-Headlight.webp",1000,1000,false],"author_info":[],"comment_info":"","_links":{"self":[{"href":"https:\/\/led-ake.com\/es\/wp-json\/wp\/v2\/product\/10637","targetHints":{"allow":["GET"]}}],"collection":[{"href":"https:\/\/led-ake.com\/es\/wp-json\/wp\/v2\/product"}],"about":[{"href":"https:\/\/led-ake.com\/es\/wp-json\/wp\/v2\/types\/product"}],"wp:featuredmedia":[{"embeddable":true,"href":"https:\/\/led-ake.com\/es\/wp-json\/wp\/v2\/media\/10638"}],"wp:attachment":[{"href":"https:\/\/led-ake.com\/es\/wp-json\/wp\/v2\/media?parent=10637"}],"wp:term":[{"taxonomy":"product_brand","embeddable":true,"href":"https:\/\/led-ake.com\/es\/wp-json\/wp\/v2\/product_brand?post=10637"},{"taxonomy":"product_cat","embeddable":true,"href":"https:\/\/led-ake.com\/es\/wp-json\/wp\/v2\/product_cat?post=10637"},{"taxonomy":"product_tag","embeddable":true,"href":"https:\/\/led-ake.com\/es\/wp-json\/wp\/v2\/product_tag?post=10637"}],"curies":[{"name":"wp","href":"https:\/\/api.w.org\/{rel}","templated":true}]}}